{"id":74,"date":"2018-08-24T01:25:26","date_gmt":"2018-08-24T01:25:26","guid":{"rendered":"http:\/\/demo.roadthemes.com\/greenfarm\/?page_id=17"},"modified":"2021-12-17T17:13:01","modified_gmt":"2021-12-17T17:13:01","slug":"contact","status":"publish","type":"page","link":"https:\/\/inoxban.com\/index.php\/contact\/","title":{"rendered":"NOSOTROS"},"content":{"rendered":"[vc_row full_width=\u00bbstretch_row_content_no_spaces\u00bb css=\u00bb.vc_custom_1536559738900{margin-bottom: 60px !important;}\u00bb][vc_column][\/vc_column][\/vc_row][vc_row][vc_column el_class=\u00bbcontact-text\u00bb offset=\u00bbvc_col-lg-3 vc_col-md-3&#8243;][vc_column_text]\n<h3>Contacto<\/h3>\n[\/vc_column_text][vc_column_text]\n<ul>\n<li><i class=\"fa fa-home\" aria-hidden=\"true\">icon<\/i><br \/>\n<h4>Direcci\u00f3n<\/h4>\n<p>Calle Marqu\u00e9s de la Ensenada ,4H Bajo<br \/>\nLa Puebla 30395<br \/>\nCARTAGENA<\/li>\n<li><i class=\"fa fa-envelope-open-o\" aria-hidden=\"true\">icon<\/i><br \/>\n<h4>Tel\u00e9fonos<\/h4>\n<p>Oficina: <a href=\"http:\/\/tel.868170612\">868 17 06 12<\/a><br \/>\nWhatsapp: 622 414 217<\/li>\n<li><i class=\"fa fa-phone\" aria-hidden=\"true\">icon<\/i><br \/>\n<h4>Email<\/h4>\n<p><a href=\"mailto:info@inoxban.com\">info@inoxban.com<\/a><br \/>\n<a href=\"mailto:pedidos@inoxban.com\">pedidos@inoxban.com<\/a><\/li>\n<\/ul>\n[\/vc_column_text][\/vc_column][vc_column offset=\u00bbvc_col-lg-1 vc_col-md-1 vc_hidden-sm\u00bb][\/vc_column][vc_column el_class=\u00bbcontact-form\u00bb offset=\u00bbvc_col-lg-8 vc_col-md-8&#8243;][vc_column_text]\n<h3>Escribenos un mensaje<\/h3>\n[\/vc_column_text]<div role=\"form\" class=\"wpcf7\" id=\"wpcf7-f5-o1\" lang=\"en-US\" dir=\"ltr\">\n<div class=\"screen-reader-response\"><p role=\"status\" aria-live=\"polite\" aria-atomic=\"true\"><\/p> <ul><\/ul><\/div>\n<form action=\"\/index.php\/wp-json\/wp\/v2\/pages\/74#wpcf7-f5-o1\" method=\"post\" class=\"wpcf7-form init wpcf7-acceptance-as-validation\" novalidate=\"novalidate\" data-status=\"init\">\n<div style=\"display: none;\">\n<input type=\"hidden\" name=\"_wpcf7\" value=\"5\" \/>\n<input type=\"hidden\" name=\"_wpcf7_version\" value=\"5.5.4\" \/>\n<input type=\"hidden\" name=\"_wpcf7_locale\" value=\"en_US\" \/>\n<input type=\"hidden\" name=\"_wpcf7_unit_tag\" value=\"wpcf7-f5-o1\" \/>\n<input type=\"hidden\" name=\"_wpcf7_container_post\" value=\"0\" \/>\n<input type=\"hidden\" name=\"_wpcf7_posted_data_hash\" value=\"\" \/>\n<input type=\"hidden\" name=\"_wpcf7_recaptcha_response\" value=\"\" \/>\n<\/div>\n<p><label> Su nombre (requerido)<br \/>\n    <span class=\"wpcf7-form-control-wrap your-name\"><input type=\"text\" name=\"your-name\" value=\"\" size=\"40\" class=\"wpcf7-form-control wpcf7-text wpcf7-validates-as-required\" aria-required=\"true\" aria-invalid=\"false\" \/><\/span> <\/label><\/p>\n<p><label> Su Email (requerido)<br \/>\n    <span class=\"wpcf7-form-control-wrap your-email\"><input type=\"email\" name=\"your-email\" value=\"\" size=\"40\" class=\"wpcf7-form-control wpcf7-text wpcf7-email wpcf7-validates-as-required wpcf7-validates-as-email\" aria-required=\"true\" aria-invalid=\"false\" \/><\/span> <\/label><\/p>\n<p><label> Asunto<br \/>\n    <span class=\"wpcf7-form-control-wrap your-subject\"><input type=\"text\" name=\"your-subject\" value=\"\" size=\"40\" class=\"wpcf7-form-control wpcf7-text\" aria-invalid=\"false\" \/><\/span> <\/label><\/p>\n<p><label> Su mensaje<br \/>\n    <span class=\"wpcf7-form-control-wrap your-message\"><textarea name=\"your-message\" cols=\"40\" rows=\"10\" class=\"wpcf7-form-control wpcf7-textarea\" aria-invalid=\"false\"><\/textarea><\/span> <\/label><br \/>\n<label><br \/>\n<span class=\"wpcf7-form-control-wrap Aceptaenviardatosainoxban_com\"><span class=\"wpcf7-form-control wpcf7-checkbox wpcf7-validates-as-required\"><span class=\"wpcf7-list-item first last\"><label><input type=\"checkbox\" name=\"Aceptaenviardatosainoxban_com[]\" value=\"Acepta el tratamiento de datos por inoxban.com\" \/><span class=\"wpcf7-list-item-label\">Acepta el tratamiento de datos por inoxban.com<\/span><\/label><\/span><\/span><\/span><\/p>\n<p><input type=\"submit\" value=\"Enviar\" class=\"wpcf7-form-control has-spinner wpcf7-submit\" \/><\/p>\n<p style=\"display: none !important;\" class=\"akismet-fields-container\" data-prefix=\"_wpcf7_ak_\"><label>&#916;<textarea name=\"_wpcf7_ak_hp_textarea\" cols=\"45\" rows=\"8\" maxlength=\"100\"><\/textarea><\/label><input type=\"hidden\" id=\"ak_js_1\" name=\"_wpcf7_ak_js\" value=\"91\"\/><script>document.getElementById( \"ak_js_1\" ).setAttribute( \"value\", ( new Date() ).getTime() );<\/script><\/p><div class=\"wpcf7-response-output\" aria-hidden=\"true\"><\/div><\/form><\/div>[\/vc_column][\/vc_row][vc_row][vc_column][vc_single_image image=\u00bb3224&#8243; img_size=\u00bbfull\u00bb style=\u00bbvc_box_rounded\u00bb][\/vc_column][\/vc_row]\n","protected":false},"excerpt":{"rendered":"<p>[vc_row full_width=\u00bbstretch_row_content_no_spaces\u00bb css=\u00bb.vc_custom_1536559738900{margin-bottom: 60px !important;}\u00bb][vc_column][\/vc_column][\/vc_row][vc_row][vc_column el_class=\u00bbcontact-text\u00bb offset=\u00bbvc_col-lg-3 vc_col-md-3&#8243;][vc_column_text] Contacto [\/vc_column_text][vc_column_text] icon Direcci\u00f3n Calle Marqu\u00e9s de la Ensenada ,4H Bajo La Puebla 30395 CARTAGENA icon Tel\u00e9fonos Oficina: 868 17 06 12 Whatsapp: 622 414 217 icon Email info@inoxban.com pedidos@inoxban.com [\/vc_column_text][\/vc_column][vc_column offset=\u00bbvc_col-lg-1 vc_col-md-1 vc_hidden-sm\u00bb][\/vc_column][vc_column el_class=\u00bbcontact-form\u00bb offset=\u00bbvc_col-lg-8 vc_col-md-8&#8243;][vc_column_text] Escribenos un mensaje [\/vc_column_text][\/vc_column][\/vc_row][vc_row][vc_column][vc_single_image image=\u00bb3224&#8243;<\/p>\n","protected":false},"author":1,"featured_media":0,"parent":0,"menu_order":0,"comment_status":"closed","ping_status":"closed","template":"page-templates\/contact-page.php","meta":{"footnotes":""},"_links":{"self":[{"href":"https:\/\/inoxban.com\/index.php\/wp-json\/wp\/v2\/pages\/74"}],"collection":[{"href":"https:\/\/inoxban.com\/index.php\/wp-json\/wp\/v2\/pages"}],"about":[{"href":"https:\/\/inoxban.com\/index.php\/wp-json\/wp\/v2\/types\/page"}],"author":[{"embeddable":true,"href":"https:\/\/inoxban.com\/index.php\/wp-json\/wp\/v2\/users\/1"}],"replies":[{"embeddable":true,"href":"https:\/\/inoxban.com\/index.php\/wp-json\/wp\/v2\/comments?post=74"}],"version-history":[{"count":5,"href":"https:\/\/inoxban.com\/index.php\/wp-json\/wp\/v2\/pages\/74\/revisions"}],"predecessor-version":[{"id":3229,"href":"https:\/\/inoxban.com\/index.php\/wp-json\/wp\/v2\/pages\/74\/revisions\/3229"}],"wp:attachment":[{"href":"https:\/\/inoxban.com\/index.php\/wp-json\/wp\/v2\/media?parent=74"}],"curies":[{"name":"wp","href":"https:\/\/api.w.org\/{rel}","templated":true}]}}