{"id":3235,"date":"2021-12-17T18:39:41","date_gmt":"2021-12-17T18:39:41","guid":{"rendered":"https:\/\/inoxban.com\/?page_id=3235"},"modified":"2021-12-17T18:49:39","modified_gmt":"2021-12-17T18:49:39","slug":"decorados-arenados","status":"publish","type":"page","link":"https:\/\/inoxban.com\/index.php\/decorados-arenados\/","title":{"rendered":"Decorados arenados"},"content":{"rendered":"\n<p>Cristales serigrafiados a la arena, con la mayor resistencia y durabilidad<\/p>\n\n\n\n<figure class=\"wp-block-gallery columns-1 is-cropped wp-block-gallery-1 is-layout-flex wp-block-gallery-is-layout-flex\"><ul class=\"blocks-gallery-grid\"><li class=\"blocks-gallery-item\"><figure><img loading=\"lazy\" decoding=\"async\" width=\"1024\" height=\"470\" src=\"https:\/\/inoxban.com\/wp-content\/uploads\/2021\/12\/decorados-1-1024x470.jpg\" alt=\"\" data-id=\"3241\" data-full-url=\"https:\/\/inoxban.com\/wp-content\/uploads\/2021\/12\/decorados-1.jpg\" data-link=\"https:\/\/inoxban.com\/index.php\/decorados-arenados\/decorados-1\/\" class=\"wp-image-3241\" srcset=\"https:\/\/inoxban.com\/wp-content\/uploads\/2021\/12\/decorados-1-1024x470.jpg 1024w, https:\/\/inoxban.com\/wp-content\/uploads\/2021\/12\/decorados-1-300x138.jpg 300w, https:\/\/inoxban.com\/wp-content\/uploads\/2021\/12\/decorados-1-768x353.jpg 768w, https:\/\/inoxban.com\/wp-content\/uploads\/2021\/12\/decorados-1-1170x537.jpg 1170w, https:\/\/inoxban.com\/wp-content\/uploads\/2021\/12\/decorados-1-600x276.jpg 600w, https:\/\/inoxban.com\/wp-content\/uploads\/2021\/12\/decorados-1.jpg 1202w\" sizes=\"(max-width: 1024px) 100vw, 1024px\" \/><\/figure><\/li><\/ul><\/figure>\n\n\n\n<figure class=\"wp-block-image size-large\"><img loading=\"lazy\" decoding=\"async\" width=\"1024\" height=\"498\" src=\"https:\/\/inoxban.com\/wp-content\/uploads\/2021\/12\/decorados-2-1024x498.jpg\" alt=\"\" class=\"wp-image-3242\" srcset=\"https:\/\/inoxban.com\/wp-content\/uploads\/2021\/12\/decorados-2-1024x498.jpg 1024w, https:\/\/inoxban.com\/wp-content\/uploads\/2021\/12\/decorados-2-300x146.jpg 300w, https:\/\/inoxban.com\/wp-content\/uploads\/2021\/12\/decorados-2-768x374.jpg 768w, https:\/\/inoxban.com\/wp-content\/uploads\/2021\/12\/decorados-2-1170x569.jpg 1170w, https:\/\/inoxban.com\/wp-content\/uploads\/2021\/12\/decorados-2-600x292.jpg 600w, https:\/\/inoxban.com\/wp-content\/uploads\/2021\/12\/decorados-2.jpg 1202w\" sizes=\"(max-width: 1024px) 100vw, 1024px\" \/><\/figure>\n\n\n\n<p>Cristales disponibles en todas nuestras mamparas<\/p>\n\n\n\n<p><\/p>\n\n\n\n<figure class=\"wp-block-image size-large\"><img loading=\"lazy\" decoding=\"async\" width=\"1024\" height=\"182\" src=\"https:\/\/inoxban.com\/wp-content\/uploads\/2021\/12\/cristales-1024x182.jpg\" alt=\"\" class=\"wp-image-3243\" srcset=\"https:\/\/inoxban.com\/wp-content\/uploads\/2021\/12\/cristales-1024x182.jpg 1024w, https:\/\/inoxban.com\/wp-content\/uploads\/2021\/12\/cristales-300x53.jpg 300w, https:\/\/inoxban.com\/wp-content\/uploads\/2021\/12\/cristales-768x136.jpg 768w, https:\/\/inoxban.com\/wp-content\/uploads\/2021\/12\/cristales-1170x209.jpg 1170w, https:\/\/inoxban.com\/wp-content\/uploads\/2021\/12\/cristales-600x107.jpg 600w, https:\/\/inoxban.com\/wp-content\/uploads\/2021\/12\/cristales.jpg 1176w\" sizes=\"(max-width: 1024px) 100vw, 1024px\" \/><\/figure>\n\n\n\n<p class=\"has-large-font-size\">PRINTING<\/p>\n\n\n\n<p>Impresi\u00f3n digital disponible en: NEGRO, BLANCO, VERDE Y ROJO<\/p>\n\n\n\n<figure class=\"wp-block-image size-large\"><img loading=\"lazy\" decoding=\"async\" width=\"1024\" height=\"530\" src=\"https:\/\/inoxban.com\/wp-content\/uploads\/2021\/12\/printing-1024x530.jpg\" alt=\"\" class=\"wp-image-3246\" srcset=\"https:\/\/inoxban.com\/wp-content\/uploads\/2021\/12\/printing-1024x530.jpg 1024w, https:\/\/inoxban.com\/wp-content\/uploads\/2021\/12\/printing-300x155.jpg 300w, https:\/\/inoxban.com\/wp-content\/uploads\/2021\/12\/printing-768x398.jpg 768w, https:\/\/inoxban.com\/wp-content\/uploads\/2021\/12\/printing-600x311.jpg 600w, https:\/\/inoxban.com\/wp-content\/uploads\/2021\/12\/printing.jpg 1124w\" sizes=\"(max-width: 1024px) 100vw, 1024px\" \/><\/figure>\n\n\n\n<p class=\"has-vivid-red-color has-text-color has-large-font-size\">PRINTING COLOR<\/p>\n\n\n\n<p>Impresi\u00f3n digital, ancho m\u00e1ximo 1100 mm. total mampara. M\u00e1s medidas a consultar.<\/p>\n\n\n\n<figure class=\"wp-block-image size-large\"><img loading=\"lazy\" decoding=\"async\" width=\"1024\" height=\"508\" src=\"https:\/\/inoxban.com\/wp-content\/uploads\/2021\/12\/printing-color-1024x508.jpg\" alt=\"\" class=\"wp-image-3247\" srcset=\"https:\/\/inoxban.com\/wp-content\/uploads\/2021\/12\/printing-color-1024x508.jpg 1024w, https:\/\/inoxban.com\/wp-content\/uploads\/2021\/12\/printing-color-300x149.jpg 300w, https:\/\/inoxban.com\/wp-content\/uploads\/2021\/12\/printing-color-768x381.jpg 768w, https:\/\/inoxban.com\/wp-content\/uploads\/2021\/12\/printing-color-600x297.jpg 600w, https:\/\/inoxban.com\/wp-content\/uploads\/2021\/12\/printing-color.jpg 1142w\" sizes=\"(max-width: 1024px) 100vw, 1024px\" \/><\/figure>\n","protected":false},"excerpt":{"rendered":"<p>Cristales serigrafiados a la arena, con la mayor resistencia y durabilidad Cristales disponibles en todas nuestras mamparas PRINTING Impresi\u00f3n digital disponible en: NEGRO, BLANCO, VERDE Y ROJO PRINTING COLOR Impresi\u00f3n digital, ancho m\u00e1ximo 1100 mm. total mampara. M\u00e1s medidas a consultar.<\/p>\n","protected":false},"author":1,"featured_media":0,"parent":0,"menu_order":0,"comment_status":"closed","ping_status":"closed","template":"","meta":{"footnotes":""},"_links":{"self":[{"href":"https:\/\/inoxban.com\/index.php\/wp-json\/wp\/v2\/pages\/3235"}],"collection":[{"href":"https:\/\/inoxban.com\/index.php\/wp-json\/wp\/v2\/pages"}],"about":[{"href":"https:\/\/inoxban.com\/index.php\/wp-json\/wp\/v2\/types\/page"}],"author":[{"embeddable":true,"href":"https:\/\/inoxban.com\/index.php\/wp-json\/wp\/v2\/users\/1"}],"replies":[{"embeddable":true,"href":"https:\/\/inoxban.com\/index.php\/wp-json\/wp\/v2\/comments?post=3235"}],"version-history":[{"count":5,"href":"https:\/\/inoxban.com\/index.php\/wp-json\/wp\/v2\/pages\/3235\/revisions"}],"predecessor-version":[{"id":3248,"href":"https:\/\/inoxban.com\/index.php\/wp-json\/wp\/v2\/pages\/3235\/revisions\/3248"}],"wp:attachment":[{"href":"https:\/\/inoxban.com\/index.php\/wp-json\/wp\/v2\/media?parent=3235"}],"curies":[{"name":"wp","href":"https:\/\/api.w.org\/{rel}","templated":true}]}}