{"id":3034,"date":"2021-01-15T18:33:49","date_gmt":"2021-01-15T18:33:49","guid":{"rendered":"https:\/\/inoxban.com\/?page_id=3034"},"modified":"2021-12-31T11:05:21","modified_gmt":"2021-12-31T11:05:21","slug":"catalogos-digitales","status":"publish","type":"page","link":"https:\/\/inoxban.com\/index.php\/catalogos-digitales\/","title":{"rendered":"Cat\u00e1logos digitales"},"content":{"rendered":"[vc_row][vc_column][vc_single_image image=\u00bb3286&#8243; img_size=\u00bbfull\u00bb alignment=\u00bbcenter\u00bb][\/vc_column][\/vc_row][vc_row][vc_column][vc_separator][vc_column_text]Desde esta secci\u00f3n podr\u00e1 solicitar la descarga mediante un enlace de nuestros cat\u00e1logos en formato digital[\/vc_column_text][\/vc_column][\/vc_row][vc_row][vc_column][vc_widget_sidebar][\/vc_column][\/vc_row][vc_row][vc_column][\/vc_column][\/vc_row][vc_row][vc_column][vc_single_image image=\u00bb3285&#8243; img_size=\u00bbfull\u00bb alignment=\u00bbcenter\u00bb][\/vc_column][\/vc_row]\n","protected":false},"excerpt":{"rendered":"<p>[vc_row][vc_column][vc_single_image image=\u00bb3286&#8243; img_size=\u00bbfull\u00bb alignment=\u00bbcenter\u00bb][\/vc_column][\/vc_row][vc_row][vc_column][vc_separator][vc_column_text]Desde esta secci\u00f3n podr\u00e1 solicitar la descarga mediante un enlace de nuestros cat\u00e1logos en formato digital[\/vc_column_text][\/vc_column][\/vc_row][vc_row][vc_column][vc_widget_sidebar][\/vc_column][\/vc_row][vc_row][vc_column][\/vc_column][\/vc_row][vc_row][vc_column][vc_single_image image=\u00bb3285&#8243; img_size=\u00bbfull\u00bb alignment=\u00bbcenter\u00bb][\/vc_column][\/vc_row]<\/p>\n","protected":false},"author":1,"featured_media":0,"parent":0,"menu_order":0,"comment_status":"closed","ping_status":"closed","template":"","meta":{"footnotes":""},"_links":{"self":[{"href":"https:\/\/inoxban.com\/index.php\/wp-json\/wp\/v2\/pages\/3034"}],"collection":[{"href":"https:\/\/inoxban.com\/index.php\/wp-json\/wp\/v2\/pages"}],"about":[{"href":"https:\/\/inoxban.com\/index.php\/wp-json\/wp\/v2\/types\/page"}],"author":[{"embeddable":true,"href":"https:\/\/inoxban.com\/index.php\/wp-json\/wp\/v2\/users\/1"}],"replies":[{"embeddable":true,"href":"https:\/\/inoxban.com\/index.php\/wp-json\/wp\/v2\/comments?post=3034"}],"version-history":[{"count":3,"href":"https:\/\/inoxban.com\/index.php\/wp-json\/wp\/v2\/pages\/3034\/revisions"}],"predecessor-version":[{"id":3287,"href":"https:\/\/inoxban.com\/index.php\/wp-json\/wp\/v2\/pages\/3034\/revisions\/3287"}],"wp:attachment":[{"href":"https:\/\/inoxban.com\/index.php\/wp-json\/wp\/v2\/media?parent=3034"}],"curies":[{"name":"wp","href":"https:\/\/api.w.org\/{rel}","templated":true}]}}