{"id":3033,"date":"2021-01-15T18:33:49","date_gmt":"2021-01-15T18:33:49","guid":{"rendered":"https:\/\/inoxban.com\/?page_id=3033"},"modified":"2021-12-17T17:11:31","modified_gmt":"2021-12-17T17:11:31","slug":"acero-siempre","status":"publish","type":"page","link":"https:\/\/inoxban.com\/index.php\/acero-siempre\/","title":{"rendered":"Acero siempre"},"content":{"rendered":"[vc_row][vc_column][vc_column_text]<strong><span style=\"font-size: 22px;\">NOSOTROS<\/span><\/strong><\/p>\n<p><span style=\"font-size: 1rem;\">Un equipo profesional con m\u00e1s de 30 a\u00f1os de experiencia. Trabajamos con el mejor material industrial disponible, el acero inoxidable.<\/span><\/p>\n<p>Nuestros dise\u00f1os \u00fanicos y minimalistas nos permiten ser referencia en el sector de las mamparas de ba\u00f1o. Nos esforzamos para proporcionar un producto duradero y f\u00e1cil de instalar, innovando continuamente los procesos de producci\u00f3n para facilitar y mejorar d\u00eda a d\u00eda la instalaci\u00f3n de nuestros productos.<\/p>\n<p>Con un departamento de I+D+I apoyado constantemente en las necesidades de nuestros clientes. Siempre con un severo control de calidad.<\/p>\n<p>Un servicio r\u00e1pido en territorio nacional, nos concede la estima de nuestros clientes y el reconocimiento del trabajo bien hecho. Presentamos \u00e9ste cat\u00e1logo donde podr\u00e1 ver las novedades del mercado reflejadas en nuestras mamparas, innovadoras y elegantes.<\/p>\n<p>Le invitamos a conocer todas las novedades en \u00e9sta, nuestra nueva web[\/vc_column_text][\/vc_column][\/vc_row][vc_row][vc_column][vc_single_image image=\u00bb3224&#8243; img_size=\u00bbfull\u00bb][\/vc_column][\/vc_row]\n","protected":false},"excerpt":{"rendered":"<p>[vc_row][vc_column][vc_column_text]NOSOTROS Un equipo profesional con m\u00e1s de 30 a\u00f1os de experiencia. Trabajamos con el mejor material industrial disponible, el acero inoxidable. Nuestros dise\u00f1os \u00fanicos y minimalistas nos permiten ser referencia en el sector de las mamparas de ba\u00f1o. Nos esforzamos para proporcionar un producto duradero y f\u00e1cil de instalar, innovando<\/p>\n","protected":false},"author":1,"featured_media":0,"parent":0,"menu_order":0,"comment_status":"closed","ping_status":"closed","template":"","meta":{"footnotes":""},"_links":{"self":[{"href":"https:\/\/inoxban.com\/index.php\/wp-json\/wp\/v2\/pages\/3033"}],"collection":[{"href":"https:\/\/inoxban.com\/index.php\/wp-json\/wp\/v2\/pages"}],"about":[{"href":"https:\/\/inoxban.com\/index.php\/wp-json\/wp\/v2\/types\/page"}],"author":[{"embeddable":true,"href":"https:\/\/inoxban.com\/index.php\/wp-json\/wp\/v2\/users\/1"}],"replies":[{"embeddable":true,"href":"https:\/\/inoxban.com\/index.php\/wp-json\/wp\/v2\/comments?post=3033"}],"version-history":[{"count":2,"href":"https:\/\/inoxban.com\/index.php\/wp-json\/wp\/v2\/pages\/3033\/revisions"}],"predecessor-version":[{"id":3227,"href":"https:\/\/inoxban.com\/index.php\/wp-json\/wp\/v2\/pages\/3033\/revisions\/3227"}],"wp:attachment":[{"href":"https:\/\/inoxban.com\/index.php\/wp-json\/wp\/v2\/media?parent=3033"}],"curies":[{"name":"wp","href":"https:\/\/api.w.org\/{rel}","templated":true}]}}